{"id":46,"date":"2022-10-03T15:41:30","date_gmt":"2022-10-03T18:41:30","guid":{"rendered":"https:\/\/homolog.hous360.com.br\/frases-de-livro-site\/?page_id=46"},"modified":"2022-10-09T21:26:23","modified_gmt":"2022-10-10T00:26:23","slug":"listas","status":"publish","type":"page","link":"https:\/\/homolog.hous360.com.br\/frases-de-livro-site\/listas\/","title":{"rendered":"Listas"},"content":{"rendered":"<p class=\"p1\">Escolhemos apresentar o conte\u00fado do nosso blog no formato de listas para facilitar a sua leitura e compartilhamento. Aqui, voc\u00eas v\u00e3o encontrar muitas listas com sele\u00e7\u00e3o de frases de diferentes temas e tamb\u00e9m listas com dicas de livros para presentear e ler! Esperamos que gostem das nossas escolhas. Comentem, mandem sugest\u00f5es, vamos ficar muito felizes de poder produzir conte\u00fados cada vez mais interessantes para voc\u00eas!<span class=\"Apple-converted-space\">\u00a0<\/span><\/p>\n","protected":false},"excerpt":{"rendered":"<p>Escolhemos apresentar o conte\u00fado do nosso blog no formato de listas para facilitar a sua leitura e compartilhamento. Aqui, voc\u00eas v\u00e3o encontrar muitas listas com sele\u00e7\u00e3o de frases de diferentes temas e tamb\u00e9m listas com dicas de livros para presentear e ler! Esperamos que gostem das nossas escolhas. Comentem, mandem sugest\u00f5es, vamos ficar muito felizes [&hellip;]<\/p>\n","protected":false},"author":1,"featured_media":0,"parent":0,"menu_order":0,"comment_status":"closed","ping_status":"closed","template":"template-listas.php","meta":{"footnotes":""},"yoast_head":"<!-- This site is optimized with the Yoast SEO plugin v19.8 - https:\/\/yoast.com\/wordpress\/plugins\/seo\/ -->\n<title>Listas - Frases de Livro<\/title>\n<meta name=\"robots\" content=\"index, follow, max-snippet:-1, max-image-preview:large, max-video-preview:-1\" \/>\n<link rel=\"canonical\" href=\"https:\/\/homolog.hous360.com.br\/frases-de-livro-site\/listas\/\" \/>\n<meta property=\"og:locale\" content=\"pt_BR\" \/>\n<meta property=\"og:type\" content=\"article\" \/>\n<meta property=\"og:title\" content=\"Listas - Frases de Livro\" \/>\n<meta property=\"og:description\" content=\"Escolhemos apresentar o conte\u00fado do nosso blog no formato de listas para facilitar a sua leitura e compartilhamento. Aqui, voc\u00eas v\u00e3o encontrar muitas listas com sele\u00e7\u00e3o de frases de diferentes temas e tamb\u00e9m listas com dicas de livros para presentear e ler! Esperamos que gostem das nossas escolhas. Comentem, mandem sugest\u00f5es, vamos ficar muito felizes [&hellip;]\" \/>\n<meta property=\"og:url\" content=\"https:\/\/homolog.hous360.com.br\/frases-de-livro-site\/listas\/\" \/>\n<meta property=\"og:site_name\" content=\"Frases de Livro\" \/>\n<meta property=\"article:modified_time\" content=\"2022-10-10T00:26:23+00:00\" \/>\n<meta name=\"twitter:card\" content=\"summary_large_image\" \/>\n<script type=\"application\/ld+json\" class=\"yoast-schema-graph\">{\"@context\":\"https:\/\/schema.org\",\"@graph\":[{\"@type\":\"WebPage\",\"@id\":\"https:\/\/homolog.hous360.com.br\/frases-de-livro-site\/listas\/\",\"url\":\"https:\/\/homolog.hous360.com.br\/frases-de-livro-site\/listas\/\",\"name\":\"Listas - Frases de Livro\",\"isPartOf\":{\"@id\":\"https:\/\/homolog.hous360.com.br\/frases-de-livro-site\/#website\"},\"datePublished\":\"2022-10-03T18:41:30+00:00\",\"dateModified\":\"2022-10-10T00:26:23+00:00\",\"breadcrumb\":{\"@id\":\"https:\/\/homolog.hous360.com.br\/frases-de-livro-site\/listas\/#breadcrumb\"},\"inLanguage\":\"pt-BR\",\"potentialAction\":[{\"@type\":\"ReadAction\",\"target\":[\"https:\/\/homolog.hous360.com.br\/frases-de-livro-site\/listas\/\"]}]},{\"@type\":\"BreadcrumbList\",\"@id\":\"https:\/\/homolog.hous360.com.br\/frases-de-livro-site\/listas\/#breadcrumb\",\"itemListElement\":[{\"@type\":\"ListItem\",\"position\":1,\"name\":\"In\u00edcio\",\"item\":\"https:\/\/homolog.hous360.com.br\/frases-de-livro-site\/\"},{\"@type\":\"ListItem\",\"position\":2,\"name\":\"Listas\"}]},{\"@type\":\"WebSite\",\"@id\":\"https:\/\/homolog.hous360.com.br\/frases-de-livro-site\/#website\",\"url\":\"https:\/\/homolog.hous360.com.br\/frases-de-livro-site\/\",\"name\":\"Frases de Livro\",\"description\":\"S\u00f3 mais um site WordPress\",\"publisher\":{\"@id\":\"https:\/\/homolog.hous360.com.br\/frases-de-livro-site\/#organization\"},\"potentialAction\":[{\"@type\":\"SearchAction\",\"target\":{\"@type\":\"EntryPoint\",\"urlTemplate\":\"https:\/\/homolog.hous360.com.br\/frases-de-livro-site\/?s={search_term_string}\"},\"query-input\":\"required name=search_term_string\"}],\"inLanguage\":\"pt-BR\"},{\"@type\":\"Organization\",\"@id\":\"https:\/\/homolog.hous360.com.br\/frases-de-livro-site\/#organization\",\"name\":\"Frases de Livro\",\"url\":\"https:\/\/homolog.hous360.com.br\/frases-de-livro-site\/\",\"sameAs\":[],\"logo\":{\"@type\":\"ImageObject\",\"inLanguage\":\"pt-BR\",\"@id\":\"https:\/\/homolog.hous360.com.br\/frases-de-livro-site\/#\/schema\/logo\/image\/\",\"url\":\"https:\/\/homolog.hous360.com.br\/frases-de-livro-site\/wp-content\/uploads\/2022\/10\/logo.png\",\"contentUrl\":\"https:\/\/homolog.hous360.com.br\/frases-de-livro-site\/wp-content\/uploads\/2022\/10\/logo.png\",\"width\":516,\"height\":375,\"caption\":\"Frases de Livro\"},\"image\":{\"@id\":\"https:\/\/homolog.hous360.com.br\/frases-de-livro-site\/#\/schema\/logo\/image\/\"}}]}<\/script>\n<!-- \/ Yoast SEO plugin. -->","yoast_head_json":{"title":"Listas - Frases de Livro","robots":{"index":"index","follow":"follow","max-snippet":"max-snippet:-1","max-image-preview":"max-image-preview:large","max-video-preview":"max-video-preview:-1"},"canonical":"https:\/\/homolog.hous360.com.br\/frases-de-livro-site\/listas\/","og_locale":"pt_BR","og_type":"article","og_title":"Listas - Frases de Livro","og_description":"Escolhemos apresentar o conte\u00fado do nosso blog no formato de listas para facilitar a sua leitura e compartilhamento. Aqui, voc\u00eas v\u00e3o encontrar muitas listas com sele\u00e7\u00e3o de frases de diferentes temas e tamb\u00e9m listas com dicas de livros para presentear e ler! Esperamos que gostem das nossas escolhas. Comentem, mandem sugest\u00f5es, vamos ficar muito felizes [&hellip;]","og_url":"https:\/\/homolog.hous360.com.br\/frases-de-livro-site\/listas\/","og_site_name":"Frases de Livro","article_modified_time":"2022-10-10T00:26:23+00:00","twitter_card":"summary_large_image","schema":{"@context":"https:\/\/schema.org","@graph":[{"@type":"WebPage","@id":"https:\/\/homolog.hous360.com.br\/frases-de-livro-site\/listas\/","url":"https:\/\/homolog.hous360.com.br\/frases-de-livro-site\/listas\/","name":"Listas - Frases de Livro","isPartOf":{"@id":"https:\/\/homolog.hous360.com.br\/frases-de-livro-site\/#website"},"datePublished":"2022-10-03T18:41:30+00:00","dateModified":"2022-10-10T00:26:23+00:00","breadcrumb":{"@id":"https:\/\/homolog.hous360.com.br\/frases-de-livro-site\/listas\/#breadcrumb"},"inLanguage":"pt-BR","potentialAction":[{"@type":"ReadAction","target":["https:\/\/homolog.hous360.com.br\/frases-de-livro-site\/listas\/"]}]},{"@type":"BreadcrumbList","@id":"https:\/\/homolog.hous360.com.br\/frases-de-livro-site\/listas\/#breadcrumb","itemListElement":[{"@type":"ListItem","position":1,"name":"In\u00edcio","item":"https:\/\/homolog.hous360.com.br\/frases-de-livro-site\/"},{"@type":"ListItem","position":2,"name":"Listas"}]},{"@type":"WebSite","@id":"https:\/\/homolog.hous360.com.br\/frases-de-livro-site\/#website","url":"https:\/\/homolog.hous360.com.br\/frases-de-livro-site\/","name":"Frases de Livro","description":"S\u00f3 mais um site WordPress","publisher":{"@id":"https:\/\/homolog.hous360.com.br\/frases-de-livro-site\/#organization"},"potentialAction":[{"@type":"SearchAction","target":{"@type":"EntryPoint","urlTemplate":"https:\/\/homolog.hous360.com.br\/frases-de-livro-site\/?s={search_term_string}"},"query-input":"required name=search_term_string"}],"inLanguage":"pt-BR"},{"@type":"Organization","@id":"https:\/\/homolog.hous360.com.br\/frases-de-livro-site\/#organization","name":"Frases de Livro","url":"https:\/\/homolog.hous360.com.br\/frases-de-livro-site\/","sameAs":[],"logo":{"@type":"ImageObject","inLanguage":"pt-BR","@id":"https:\/\/homolog.hous360.com.br\/frases-de-livro-site\/#\/schema\/logo\/image\/","url":"https:\/\/homolog.hous360.com.br\/frases-de-livro-site\/wp-content\/uploads\/2022\/10\/logo.png","contentUrl":"https:\/\/homolog.hous360.com.br\/frases-de-livro-site\/wp-content\/uploads\/2022\/10\/logo.png","width":516,"height":375,"caption":"Frases de Livro"},"image":{"@id":"https:\/\/homolog.hous360.com.br\/frases-de-livro-site\/#\/schema\/logo\/image\/"}}]}},"_links":{"self":[{"href":"https:\/\/homolog.hous360.com.br\/frases-de-livro-site\/wp-json\/wp\/v2\/pages\/46"}],"collection":[{"href":"https:\/\/homolog.hous360.com.br\/frases-de-livro-site\/wp-json\/wp\/v2\/pages"}],"about":[{"href":"https:\/\/homolog.hous360.com.br\/frases-de-livro-site\/wp-json\/wp\/v2\/types\/page"}],"author":[{"embeddable":true,"href":"https:\/\/homolog.hous360.com.br\/frases-de-livro-site\/wp-json\/wp\/v2\/users\/1"}],"replies":[{"embeddable":true,"href":"https:\/\/homolog.hous360.com.br\/frases-de-livro-site\/wp-json\/wp\/v2\/comments?post=46"}],"version-history":[{"count":3,"href":"https:\/\/homolog.hous360.com.br\/frases-de-livro-site\/wp-json\/wp\/v2\/pages\/46\/revisions"}],"predecessor-version":[{"id":1260,"href":"https:\/\/homolog.hous360.com.br\/frases-de-livro-site\/wp-json\/wp\/v2\/pages\/46\/revisions\/1260"}],"wp:attachment":[{"href":"https:\/\/homolog.hous360.com.br\/frases-de-livro-site\/wp-json\/wp\/v2\/media?parent=46"}],"curies":[{"name":"wp","href":"https:\/\/api.w.org\/{rel}","templated":true}]}}