{"id":44,"date":"2022-10-03T15:41:22","date_gmt":"2022-10-03T18:41:22","guid":{"rendered":"https:\/\/homolog.hous360.com.br\/frases-de-livro-site\/?page_id=44"},"modified":"2022-10-26T15:00:38","modified_gmt":"2022-10-26T18:00:38","slug":"mood-do-frases","status":"publish","type":"page","link":"https:\/\/homolog.hous360.com.br\/frases-de-livro-site\/mood-do-frases\/","title":{"rendered":"Mood do Frases"},"content":{"rendered":"<p class=\"p1\">Nesta se\u00e7\u00e3o, voc\u00ea vai encontrar v\u00e1rias op\u00e7\u00f5es de <i>moods<\/i>, inspirados na personalidade e no comportamento de famosos personagens liter\u00e1rios, que v\u00e3o te ajudar a contar para geral qual o seu estado de esp\u00edrito a cada dia. Especialmente, se voc\u00ea estiver no mood da Em\u00edlia, a faladeira boneca das obras de Monteiro Lobato&#8230; Mas \u00e9 bom que todo mundo saiba quando voc\u00ea estiver mais para um mood Dom Casmurro e quiser ficar fechadinho com a sua tristeza. Melhor\u00a0 do que contar para os seus amigos como voc\u00ea est\u00e1 se sentindo \u00e9 saber de antem\u00e3o o humor de quem te cerca, n\u00e3o \u00e9 n\u00e3o? Ent\u00e3o, bora compartilhar agora mesmo os moods do Frases e provocar seus amigos, seu chefe, seus vizinhos, a fazerem o mesmo&#8230;<\/p>\n","protected":false},"excerpt":{"rendered":"<p>Nesta se\u00e7\u00e3o, voc\u00ea vai encontrar v\u00e1rias op\u00e7\u00f5es de moods, inspirados na personalidade e no comportamento de famosos personagens liter\u00e1rios, que v\u00e3o te ajudar a contar para geral qual o seu estado de esp\u00edrito a cada dia. Especialmente, se voc\u00ea estiver no mood da Em\u00edlia, a faladeira boneca das obras de Monteiro Lobato&#8230; Mas \u00e9 bom [&hellip;]<\/p>\n","protected":false},"author":1,"featured_media":0,"parent":0,"menu_order":0,"comment_status":"closed","ping_status":"closed","template":"template-moods.php","meta":{"footnotes":""},"yoast_head":"<!-- This site is optimized with the Yoast SEO plugin v19.8 - https:\/\/yoast.com\/wordpress\/plugins\/seo\/ -->\n<title>Mood do Frases - Frases de Livro<\/title>\n<meta name=\"robots\" content=\"index, follow, max-snippet:-1, max-image-preview:large, max-video-preview:-1\" \/>\n<link rel=\"canonical\" href=\"https:\/\/homolog.hous360.com.br\/frases-de-livro-site\/mood-do-frases\/\" \/>\n<meta property=\"og:locale\" content=\"pt_BR\" \/>\n<meta property=\"og:type\" content=\"article\" \/>\n<meta property=\"og:title\" content=\"Mood do Frases - Frases de Livro\" \/>\n<meta property=\"og:description\" content=\"Nesta se\u00e7\u00e3o, voc\u00ea vai encontrar v\u00e1rias op\u00e7\u00f5es de moods, inspirados na personalidade e no comportamento de famosos personagens liter\u00e1rios, que v\u00e3o te ajudar a contar para geral qual o seu estado de esp\u00edrito a cada dia. Especialmente, se voc\u00ea estiver no mood da Em\u00edlia, a faladeira boneca das obras de Monteiro Lobato&#8230; Mas \u00e9 bom [&hellip;]\" \/>\n<meta property=\"og:url\" content=\"https:\/\/homolog.hous360.com.br\/frases-de-livro-site\/mood-do-frases\/\" \/>\n<meta property=\"og:site_name\" content=\"Frases de Livro\" \/>\n<meta property=\"article:modified_time\" content=\"2022-10-26T18:00:38+00:00\" \/>\n<meta name=\"twitter:card\" content=\"summary_large_image\" \/>\n<meta name=\"twitter:label1\" content=\"Est. tempo de leitura\" \/>\n\t<meta name=\"twitter:data1\" content=\"1 minuto\" \/>\n<script type=\"application\/ld+json\" class=\"yoast-schema-graph\">{\"@context\":\"https:\/\/schema.org\",\"@graph\":[{\"@type\":\"WebPage\",\"@id\":\"https:\/\/homolog.hous360.com.br\/frases-de-livro-site\/mood-do-frases\/\",\"url\":\"https:\/\/homolog.hous360.com.br\/frases-de-livro-site\/mood-do-frases\/\",\"name\":\"Mood do Frases - Frases de Livro\",\"isPartOf\":{\"@id\":\"https:\/\/homolog.hous360.com.br\/frases-de-livro-site\/#website\"},\"datePublished\":\"2022-10-03T18:41:22+00:00\",\"dateModified\":\"2022-10-26T18:00:38+00:00\",\"breadcrumb\":{\"@id\":\"https:\/\/homolog.hous360.com.br\/frases-de-livro-site\/mood-do-frases\/#breadcrumb\"},\"inLanguage\":\"pt-BR\",\"potentialAction\":[{\"@type\":\"ReadAction\",\"target\":[\"https:\/\/homolog.hous360.com.br\/frases-de-livro-site\/mood-do-frases\/\"]}]},{\"@type\":\"BreadcrumbList\",\"@id\":\"https:\/\/homolog.hous360.com.br\/frases-de-livro-site\/mood-do-frases\/#breadcrumb\",\"itemListElement\":[{\"@type\":\"ListItem\",\"position\":1,\"name\":\"In\u00edcio\",\"item\":\"https:\/\/homolog.hous360.com.br\/frases-de-livro-site\/\"},{\"@type\":\"ListItem\",\"position\":2,\"name\":\"Mood do Frases\"}]},{\"@type\":\"WebSite\",\"@id\":\"https:\/\/homolog.hous360.com.br\/frases-de-livro-site\/#website\",\"url\":\"https:\/\/homolog.hous360.com.br\/frases-de-livro-site\/\",\"name\":\"Frases de Livro\",\"description\":\"S\u00f3 mais um site WordPress\",\"publisher\":{\"@id\":\"https:\/\/homolog.hous360.com.br\/frases-de-livro-site\/#organization\"},\"potentialAction\":[{\"@type\":\"SearchAction\",\"target\":{\"@type\":\"EntryPoint\",\"urlTemplate\":\"https:\/\/homolog.hous360.com.br\/frases-de-livro-site\/?s={search_term_string}\"},\"query-input\":\"required name=search_term_string\"}],\"inLanguage\":\"pt-BR\"},{\"@type\":\"Organization\",\"@id\":\"https:\/\/homolog.hous360.com.br\/frases-de-livro-site\/#organization\",\"name\":\"Frases de Livro\",\"url\":\"https:\/\/homolog.hous360.com.br\/frases-de-livro-site\/\",\"sameAs\":[],\"logo\":{\"@type\":\"ImageObject\",\"inLanguage\":\"pt-BR\",\"@id\":\"https:\/\/homolog.hous360.com.br\/frases-de-livro-site\/#\/schema\/logo\/image\/\",\"url\":\"https:\/\/homolog.hous360.com.br\/frases-de-livro-site\/wp-content\/uploads\/2022\/10\/logo.png\",\"contentUrl\":\"https:\/\/homolog.hous360.com.br\/frases-de-livro-site\/wp-content\/uploads\/2022\/10\/logo.png\",\"width\":516,\"height\":375,\"caption\":\"Frases de Livro\"},\"image\":{\"@id\":\"https:\/\/homolog.hous360.com.br\/frases-de-livro-site\/#\/schema\/logo\/image\/\"}}]}<\/script>\n<!-- \/ Yoast SEO plugin. -->","yoast_head_json":{"title":"Mood do Frases - Frases de Livro","robots":{"index":"index","follow":"follow","max-snippet":"max-snippet:-1","max-image-preview":"max-image-preview:large","max-video-preview":"max-video-preview:-1"},"canonical":"https:\/\/homolog.hous360.com.br\/frases-de-livro-site\/mood-do-frases\/","og_locale":"pt_BR","og_type":"article","og_title":"Mood do Frases - Frases de Livro","og_description":"Nesta se\u00e7\u00e3o, voc\u00ea vai encontrar v\u00e1rias op\u00e7\u00f5es de moods, inspirados na personalidade e no comportamento de famosos personagens liter\u00e1rios, que v\u00e3o te ajudar a contar para geral qual o seu estado de esp\u00edrito a cada dia. Especialmente, se voc\u00ea estiver no mood da Em\u00edlia, a faladeira boneca das obras de Monteiro Lobato&#8230; Mas \u00e9 bom [&hellip;]","og_url":"https:\/\/homolog.hous360.com.br\/frases-de-livro-site\/mood-do-frases\/","og_site_name":"Frases de Livro","article_modified_time":"2022-10-26T18:00:38+00:00","twitter_card":"summary_large_image","twitter_misc":{"Est. tempo de leitura":"1 minuto"},"schema":{"@context":"https:\/\/schema.org","@graph":[{"@type":"WebPage","@id":"https:\/\/homolog.hous360.com.br\/frases-de-livro-site\/mood-do-frases\/","url":"https:\/\/homolog.hous360.com.br\/frases-de-livro-site\/mood-do-frases\/","name":"Mood do Frases - Frases de Livro","isPartOf":{"@id":"https:\/\/homolog.hous360.com.br\/frases-de-livro-site\/#website"},"datePublished":"2022-10-03T18:41:22+00:00","dateModified":"2022-10-26T18:00:38+00:00","breadcrumb":{"@id":"https:\/\/homolog.hous360.com.br\/frases-de-livro-site\/mood-do-frases\/#breadcrumb"},"inLanguage":"pt-BR","potentialAction":[{"@type":"ReadAction","target":["https:\/\/homolog.hous360.com.br\/frases-de-livro-site\/mood-do-frases\/"]}]},{"@type":"BreadcrumbList","@id":"https:\/\/homolog.hous360.com.br\/frases-de-livro-site\/mood-do-frases\/#breadcrumb","itemListElement":[{"@type":"ListItem","position":1,"name":"In\u00edcio","item":"https:\/\/homolog.hous360.com.br\/frases-de-livro-site\/"},{"@type":"ListItem","position":2,"name":"Mood do Frases"}]},{"@type":"WebSite","@id":"https:\/\/homolog.hous360.com.br\/frases-de-livro-site\/#website","url":"https:\/\/homolog.hous360.com.br\/frases-de-livro-site\/","name":"Frases de Livro","description":"S\u00f3 mais um site WordPress","publisher":{"@id":"https:\/\/homolog.hous360.com.br\/frases-de-livro-site\/#organization"},"potentialAction":[{"@type":"SearchAction","target":{"@type":"EntryPoint","urlTemplate":"https:\/\/homolog.hous360.com.br\/frases-de-livro-site\/?s={search_term_string}"},"query-input":"required name=search_term_string"}],"inLanguage":"pt-BR"},{"@type":"Organization","@id":"https:\/\/homolog.hous360.com.br\/frases-de-livro-site\/#organization","name":"Frases de Livro","url":"https:\/\/homolog.hous360.com.br\/frases-de-livro-site\/","sameAs":[],"logo":{"@type":"ImageObject","inLanguage":"pt-BR","@id":"https:\/\/homolog.hous360.com.br\/frases-de-livro-site\/#\/schema\/logo\/image\/","url":"https:\/\/homolog.hous360.com.br\/frases-de-livro-site\/wp-content\/uploads\/2022\/10\/logo.png","contentUrl":"https:\/\/homolog.hous360.com.br\/frases-de-livro-site\/wp-content\/uploads\/2022\/10\/logo.png","width":516,"height":375,"caption":"Frases de Livro"},"image":{"@id":"https:\/\/homolog.hous360.com.br\/frases-de-livro-site\/#\/schema\/logo\/image\/"}}]}},"_links":{"self":[{"href":"https:\/\/homolog.hous360.com.br\/frases-de-livro-site\/wp-json\/wp\/v2\/pages\/44"}],"collection":[{"href":"https:\/\/homolog.hous360.com.br\/frases-de-livro-site\/wp-json\/wp\/v2\/pages"}],"about":[{"href":"https:\/\/homolog.hous360.com.br\/frases-de-livro-site\/wp-json\/wp\/v2\/types\/page"}],"author":[{"embeddable":true,"href":"https:\/\/homolog.hous360.com.br\/frases-de-livro-site\/wp-json\/wp\/v2\/users\/1"}],"replies":[{"embeddable":true,"href":"https:\/\/homolog.hous360.com.br\/frases-de-livro-site\/wp-json\/wp\/v2\/comments?post=44"}],"version-history":[{"count":5,"href":"https:\/\/homolog.hous360.com.br\/frases-de-livro-site\/wp-json\/wp\/v2\/pages\/44\/revisions"}],"predecessor-version":[{"id":2171,"href":"https:\/\/homolog.hous360.com.br\/frases-de-livro-site\/wp-json\/wp\/v2\/pages\/44\/revisions\/2171"}],"wp:attachment":[{"href":"https:\/\/homolog.hous360.com.br\/frases-de-livro-site\/wp-json\/wp\/v2\/media?parent=44"}],"curies":[{"name":"wp","href":"https:\/\/api.w.org\/{rel}","templated":true}]}}