{"id":38,"date":"2022-10-03T15:37:51","date_gmt":"2022-10-03T18:37:51","guid":{"rendered":"https:\/\/homolog.hous360.com.br\/frases-de-livro-site\/?page_id=38"},"modified":"2022-10-26T14:41:31","modified_gmt":"2022-10-26T17:41:31","slug":"generos","status":"publish","type":"page","link":"https:\/\/homolog.hous360.com.br\/frases-de-livro-site\/generos\/","title":{"rendered":"G\u00eaneros"},"content":{"rendered":"<p class=\"p1\">Organizam as escritas de acordo com certas caracter\u00edsticas dos textos. Facilitam a nossa vida na hora de escolher que tipo de leitura queremos fazer. Textos mais curtos? Com um p\u00e9 na realidade? Cheios de personagens? Que trazem o ponto de vista do autor sobre um assunto? Estruturados em versos? Que nos ajudam? Os que tratam de crimes? Hist\u00f3rias cujos os enredos se passam em mundos dist\u00f3picos, fant\u00e1sticos? Com pitada cient\u00edfica? Os voltados para crian\u00e7as e jovens? Que falam sobre a vida de algu\u00e9m? Aqui, voc\u00ea vai encontrar frases selecionadas de textos de todos os g\u00eaneros. Se algum g\u00eanero ainda n\u00e3o estiver representado em nosso repert\u00f3rio, em breve, estar\u00e1. ; )<span class=\"Apple-converted-space\">\u00a0<\/span><\/p>\n","protected":false},"excerpt":{"rendered":"<p>Organizam as escritas de acordo com certas caracter\u00edsticas dos textos. Facilitam a nossa vida na hora de escolher que tipo de leitura queremos fazer. Textos mais curtos? Com um p\u00e9 na realidade? Cheios de personagens? Que trazem o ponto de vista do autor sobre um assunto? Estruturados em versos? Que nos ajudam? Os que tratam [&hellip;]<\/p>\n","protected":false},"author":1,"featured_media":0,"parent":0,"menu_order":0,"comment_status":"closed","ping_status":"closed","template":"template-genero.php","meta":{"footnotes":""},"yoast_head":"<!-- This site is optimized with the Yoast SEO plugin v19.8 - https:\/\/yoast.com\/wordpress\/plugins\/seo\/ -->\n<title>G\u00eaneros - Frases de Livro<\/title>\n<meta name=\"robots\" content=\"index, follow, max-snippet:-1, max-image-preview:large, max-video-preview:-1\" \/>\n<link rel=\"canonical\" href=\"https:\/\/homolog.hous360.com.br\/frases-de-livro-site\/generos\/\" \/>\n<meta property=\"og:locale\" content=\"pt_BR\" \/>\n<meta property=\"og:type\" content=\"article\" \/>\n<meta property=\"og:title\" content=\"G\u00eaneros - Frases de Livro\" \/>\n<meta property=\"og:description\" content=\"Organizam as escritas de acordo com certas caracter\u00edsticas dos textos. Facilitam a nossa vida na hora de escolher que tipo de leitura queremos fazer. Textos mais curtos? Com um p\u00e9 na realidade? Cheios de personagens? Que trazem o ponto de vista do autor sobre um assunto? Estruturados em versos? Que nos ajudam? Os que tratam [&hellip;]\" \/>\n<meta property=\"og:url\" content=\"https:\/\/homolog.hous360.com.br\/frases-de-livro-site\/generos\/\" \/>\n<meta property=\"og:site_name\" content=\"Frases de Livro\" \/>\n<meta property=\"article:modified_time\" content=\"2022-10-26T17:41:31+00:00\" \/>\n<meta name=\"twitter:card\" content=\"summary_large_image\" \/>\n<meta name=\"twitter:label1\" content=\"Est. tempo de leitura\" \/>\n\t<meta name=\"twitter:data1\" content=\"1 minuto\" \/>\n<script type=\"application\/ld+json\" class=\"yoast-schema-graph\">{\"@context\":\"https:\/\/schema.org\",\"@graph\":[{\"@type\":\"WebPage\",\"@id\":\"https:\/\/homolog.hous360.com.br\/frases-de-livro-site\/generos\/\",\"url\":\"https:\/\/homolog.hous360.com.br\/frases-de-livro-site\/generos\/\",\"name\":\"G\u00eaneros - Frases de Livro\",\"isPartOf\":{\"@id\":\"https:\/\/homolog.hous360.com.br\/frases-de-livro-site\/#website\"},\"datePublished\":\"2022-10-03T18:37:51+00:00\",\"dateModified\":\"2022-10-26T17:41:31+00:00\",\"breadcrumb\":{\"@id\":\"https:\/\/homolog.hous360.com.br\/frases-de-livro-site\/generos\/#breadcrumb\"},\"inLanguage\":\"pt-BR\",\"potentialAction\":[{\"@type\":\"ReadAction\",\"target\":[\"https:\/\/homolog.hous360.com.br\/frases-de-livro-site\/generos\/\"]}]},{\"@type\":\"BreadcrumbList\",\"@id\":\"https:\/\/homolog.hous360.com.br\/frases-de-livro-site\/generos\/#breadcrumb\",\"itemListElement\":[{\"@type\":\"ListItem\",\"position\":1,\"name\":\"In\u00edcio\",\"item\":\"https:\/\/homolog.hous360.com.br\/frases-de-livro-site\/\"},{\"@type\":\"ListItem\",\"position\":2,\"name\":\"G\u00eaneros\"}]},{\"@type\":\"WebSite\",\"@id\":\"https:\/\/homolog.hous360.com.br\/frases-de-livro-site\/#website\",\"url\":\"https:\/\/homolog.hous360.com.br\/frases-de-livro-site\/\",\"name\":\"Frases de Livro\",\"description\":\"S\u00f3 mais um site WordPress\",\"publisher\":{\"@id\":\"https:\/\/homolog.hous360.com.br\/frases-de-livro-site\/#organization\"},\"potentialAction\":[{\"@type\":\"SearchAction\",\"target\":{\"@type\":\"EntryPoint\",\"urlTemplate\":\"https:\/\/homolog.hous360.com.br\/frases-de-livro-site\/?s={search_term_string}\"},\"query-input\":\"required name=search_term_string\"}],\"inLanguage\":\"pt-BR\"},{\"@type\":\"Organization\",\"@id\":\"https:\/\/homolog.hous360.com.br\/frases-de-livro-site\/#organization\",\"name\":\"Frases de Livro\",\"url\":\"https:\/\/homolog.hous360.com.br\/frases-de-livro-site\/\",\"sameAs\":[],\"logo\":{\"@type\":\"ImageObject\",\"inLanguage\":\"pt-BR\",\"@id\":\"https:\/\/homolog.hous360.com.br\/frases-de-livro-site\/#\/schema\/logo\/image\/\",\"url\":\"https:\/\/homolog.hous360.com.br\/frases-de-livro-site\/wp-content\/uploads\/2022\/10\/logo.png\",\"contentUrl\":\"https:\/\/homolog.hous360.com.br\/frases-de-livro-site\/wp-content\/uploads\/2022\/10\/logo.png\",\"width\":516,\"height\":375,\"caption\":\"Frases de Livro\"},\"image\":{\"@id\":\"https:\/\/homolog.hous360.com.br\/frases-de-livro-site\/#\/schema\/logo\/image\/\"}}]}<\/script>\n<!-- \/ Yoast SEO plugin. -->","yoast_head_json":{"title":"G\u00eaneros - Frases de Livro","robots":{"index":"index","follow":"follow","max-snippet":"max-snippet:-1","max-image-preview":"max-image-preview:large","max-video-preview":"max-video-preview:-1"},"canonical":"https:\/\/homolog.hous360.com.br\/frases-de-livro-site\/generos\/","og_locale":"pt_BR","og_type":"article","og_title":"G\u00eaneros - Frases de Livro","og_description":"Organizam as escritas de acordo com certas caracter\u00edsticas dos textos. Facilitam a nossa vida na hora de escolher que tipo de leitura queremos fazer. Textos mais curtos? Com um p\u00e9 na realidade? Cheios de personagens? Que trazem o ponto de vista do autor sobre um assunto? Estruturados em versos? Que nos ajudam? Os que tratam [&hellip;]","og_url":"https:\/\/homolog.hous360.com.br\/frases-de-livro-site\/generos\/","og_site_name":"Frases de Livro","article_modified_time":"2022-10-26T17:41:31+00:00","twitter_card":"summary_large_image","twitter_misc":{"Est. tempo de leitura":"1 minuto"},"schema":{"@context":"https:\/\/schema.org","@graph":[{"@type":"WebPage","@id":"https:\/\/homolog.hous360.com.br\/frases-de-livro-site\/generos\/","url":"https:\/\/homolog.hous360.com.br\/frases-de-livro-site\/generos\/","name":"G\u00eaneros - Frases de Livro","isPartOf":{"@id":"https:\/\/homolog.hous360.com.br\/frases-de-livro-site\/#website"},"datePublished":"2022-10-03T18:37:51+00:00","dateModified":"2022-10-26T17:41:31+00:00","breadcrumb":{"@id":"https:\/\/homolog.hous360.com.br\/frases-de-livro-site\/generos\/#breadcrumb"},"inLanguage":"pt-BR","potentialAction":[{"@type":"ReadAction","target":["https:\/\/homolog.hous360.com.br\/frases-de-livro-site\/generos\/"]}]},{"@type":"BreadcrumbList","@id":"https:\/\/homolog.hous360.com.br\/frases-de-livro-site\/generos\/#breadcrumb","itemListElement":[{"@type":"ListItem","position":1,"name":"In\u00edcio","item":"https:\/\/homolog.hous360.com.br\/frases-de-livro-site\/"},{"@type":"ListItem","position":2,"name":"G\u00eaneros"}]},{"@type":"WebSite","@id":"https:\/\/homolog.hous360.com.br\/frases-de-livro-site\/#website","url":"https:\/\/homolog.hous360.com.br\/frases-de-livro-site\/","name":"Frases de Livro","description":"S\u00f3 mais um site WordPress","publisher":{"@id":"https:\/\/homolog.hous360.com.br\/frases-de-livro-site\/#organization"},"potentialAction":[{"@type":"SearchAction","target":{"@type":"EntryPoint","urlTemplate":"https:\/\/homolog.hous360.com.br\/frases-de-livro-site\/?s={search_term_string}"},"query-input":"required name=search_term_string"}],"inLanguage":"pt-BR"},{"@type":"Organization","@id":"https:\/\/homolog.hous360.com.br\/frases-de-livro-site\/#organization","name":"Frases de Livro","url":"https:\/\/homolog.hous360.com.br\/frases-de-livro-site\/","sameAs":[],"logo":{"@type":"ImageObject","inLanguage":"pt-BR","@id":"https:\/\/homolog.hous360.com.br\/frases-de-livro-site\/#\/schema\/logo\/image\/","url":"https:\/\/homolog.hous360.com.br\/frases-de-livro-site\/wp-content\/uploads\/2022\/10\/logo.png","contentUrl":"https:\/\/homolog.hous360.com.br\/frases-de-livro-site\/wp-content\/uploads\/2022\/10\/logo.png","width":516,"height":375,"caption":"Frases de Livro"},"image":{"@id":"https:\/\/homolog.hous360.com.br\/frases-de-livro-site\/#\/schema\/logo\/image\/"}}]}},"_links":{"self":[{"href":"https:\/\/homolog.hous360.com.br\/frases-de-livro-site\/wp-json\/wp\/v2\/pages\/38"}],"collection":[{"href":"https:\/\/homolog.hous360.com.br\/frases-de-livro-site\/wp-json\/wp\/v2\/pages"}],"about":[{"href":"https:\/\/homolog.hous360.com.br\/frases-de-livro-site\/wp-json\/wp\/v2\/types\/page"}],"author":[{"embeddable":true,"href":"https:\/\/homolog.hous360.com.br\/frases-de-livro-site\/wp-json\/wp\/v2\/users\/1"}],"replies":[{"embeddable":true,"href":"https:\/\/homolog.hous360.com.br\/frases-de-livro-site\/wp-json\/wp\/v2\/comments?post=38"}],"version-history":[{"count":4,"href":"https:\/\/homolog.hous360.com.br\/frases-de-livro-site\/wp-json\/wp\/v2\/pages\/38\/revisions"}],"predecessor-version":[{"id":2169,"href":"https:\/\/homolog.hous360.com.br\/frases-de-livro-site\/wp-json\/wp\/v2\/pages\/38\/revisions\/2169"}],"wp:attachment":[{"href":"https:\/\/homolog.hous360.com.br\/frases-de-livro-site\/wp-json\/wp\/v2\/media?parent=38"}],"curies":[{"name":"wp","href":"https:\/\/api.w.org\/{rel}","templated":true}]}}