{"id":3,"date":"2022-09-29T21:31:10","date_gmt":"2022-09-30T00:31:10","guid":{"rendered":"https:\/\/frases-de-livro.local\/?page_id=3"},"modified":"2022-11-11T16:05:32","modified_gmt":"2022-11-11T19:05:32","slug":"politica-de-privacidade-e-cookies","status":"publish","type":"page","link":"https:\/\/homolog.hous360.com.br\/frases-de-livro-site\/politica-de-privacidade-e-cookies\/","title":{"rendered":"Pol\u00edtica de Privacidade e Cookies"},"content":{"rendered":"<p>A garantia da confidencialidade dos dados pessoais dos usu\u00e1rios do nosso site \u00e9 muito importante para o Frases. Por isso, todas as informa\u00e7\u00f5es pessoais relativas a usu\u00e1rios ou visitantes do Frases ser\u00e3o tratadas em concord\u00e2ncia com a Lei Geral de Prote\u00e7\u00e3o de Dados Pessoais (&#8220;LGPD&#8221;) e a Lei da Prote\u00e7\u00e3o de Dados Pessoais de 26 de outubro de 1998 (Lei n.\u00ba 67\/98). Assim sendo, pode ficar tranquilo que todas as suas informa\u00e7\u00f5es pessoais recolhidas aqui, ser\u00e3o usadas por aqui tamb\u00e9m, apenas com o objetivo de tornar a sua visita em nosso site a melhor e mais relevante poss\u00edvel, de acordo com os seus interesses.<\/p>\n<p>O Frases coleta somente o m\u00ednimo de informa\u00e7\u00f5es necess\u00e1rias para lhe fornecer o melhor servi\u00e7o que conseguimos. Se voc\u00ea est\u00e1 acessando o site apenas para ler e compartilhar frases e n\u00e3o se cadastrou para fazer coment\u00e1rios em nossas listas, ent\u00e3o, n\u00f3s coletamos apenas informa\u00e7\u00f5es an\u00f4nimas sobre o seu uso do site. Quando voc\u00ea se cadastra no Frases, para poder deixar seus coment\u00e1rios em nossas listas, n\u00f3s coletamos, processamos e armazenamos apenas duas informa\u00e7\u00f5es pessoais suas, seu nome e e-mail, seguindo as boas pr\u00e1ticas de seguran\u00e7a.<\/p>\n<p>O Frases recebe e mant\u00e9m informa\u00e7\u00f5es de seu browser em nossos servidores, incluindo seu IP ou endere\u00e7o de refer\u00eancia e a p\u00e1gina que voc\u00ea procurou. O Frases ser\u00e1 o \u00fanico detentor destas informa\u00e7\u00f5es, que ser\u00e3o usadas, unicamente, para calcular estat\u00edsticas an\u00f4nimas e agregadas para entender o uso do site e melhorar continuamente o nosso conte\u00fado, personalizar e melhorar a sua experi\u00eancia no site, exibir an\u00fancios relevantes e de acordo com seus interesses e aumentar a seguran\u00e7a do site.<\/p>\n<p>O Frases usa cookies (pequenos arquivos ou pacotes de dados enviados pelo Frases aos seus dispositivos) e outras tecnologias para melhorar a sua experi\u00eancia on-line e para saber como voc\u00ea usa nossos servi\u00e7os, com a finalidade de melhorar a qualidade deles e lhe fornecer uma experi\u00eancia customizada. O uso do Frases pressup\u00f5e a aceita\u00e7\u00e3o desta Pol\u00edtica de privacidade. Esta pol\u00edtica pode ser atualizada sem aviso pr\u00e9vio, portanto revise-a periodicamente para assegurar-se de estar informado sobre estas mudan\u00e7as.<\/p>\n<p>Voc\u00ea det\u00e9m o poder de desligar os seus cookies, nas op\u00e7\u00f5es do seu browser, ou efetuando altera\u00e7\u00f5es nas ferramentas de programas antiv\u00edrus, como o Norton Internet Security. No entanto, isso poder\u00e1 alterar a forma como interage com o nosso site, ou outros sites. Isso poder\u00e1 afetar a sua navega\u00e7\u00e3o e\/ou impedir o seu acesso a alguma funcionalidade.<\/p>\n<p>Usamos empresas de publicidade de terceiros para veicular an\u00fancios durante a sua visita ao nosso site, para garantir a manuten\u00e7\u00e3o do mesmo. Essas empresas podem usar informa\u00e7\u00f5es (que n\u00e3o incluem o seu nome, endere\u00e7o, endere\u00e7o de e-mail ou n\u00famero de telefone) sobre suas visitas a este e a outros sites a fim de exibir an\u00fancios relacionados a produtos e servi\u00e7os de seu interesse.<\/p>\n<p>Assim como outros sites, coletamos e utilizamos informa\u00e7\u00e3o contida nos an\u00fancios. A informa\u00e7\u00e3o contida nos an\u00fancios, inclui o seu endere\u00e7o IP (Internet Protocol), o seu ISP (Internet Service Provider, como o Sapo, Clix, ou outro), o browser que utilizou ao visitar o nosso site (como o Internet Explorer, o Chrome, \u00a0Firefox ou Edge), o tempo da sua visita e que p\u00e1ginas visitou dentro do nosso site, sempre com vistas a melhorar a qualidade e relev\u00e2ncia dos nossos conte\u00fados e a sua experi\u00eancia de navega\u00e7\u00e3o.<\/p>\n<p>Para obter mais informa\u00e7\u00f5es sobre essa pr\u00e1tica e saber como impedir que as empresas utilizem esses dados,\u00a0<a href=\"https:\/\/policies.google.com\/technologies\/ads\" target=\"_blank\" rel=\"noopener\">clique aqui<\/a>.<\/p>\n<h2>An\u00fancios Google<\/h2>\n<p>O Google, como fornecedor de terceiros, utiliza cookies para exibir an\u00fancios no seu site. Com o cookie DART, o Google pode exibir an\u00fancios para seus usu\u00e1rios com base nas visitas feitas aos seus e a outros sites na Internet. Os usu\u00e1rios podem desativar o cookie DART visitando a Pol\u00edtica de privacidade da rede de conte\u00fado e dos an\u00fancios do Google.<\/p>\n","protected":false},"excerpt":{"rendered":"<p>A garantia da confidencialidade dos dados pessoais dos usu\u00e1rios do nosso site \u00e9 muito importante para o Frases. Por isso, todas as informa\u00e7\u00f5es pessoais relativas a usu\u00e1rios ou visitantes do Frases ser\u00e3o tratadas em concord\u00e2ncia com a Lei Geral de Prote\u00e7\u00e3o de Dados Pessoais (&#8220;LGPD&#8221;) e a Lei da Prote\u00e7\u00e3o de Dados Pessoais de 26 [&hellip;]<\/p>\n","protected":false},"author":1,"featured_media":0,"parent":0,"menu_order":0,"comment_status":"closed","ping_status":"open","template":"","meta":{"footnotes":""},"yoast_head":"<!-- This site is optimized with the Yoast SEO plugin v19.8 - https:\/\/yoast.com\/wordpress\/plugins\/seo\/ -->\n<title>Pol\u00edtica de Privacidade e Cookies - Frases de Livro<\/title>\n<meta name=\"robots\" content=\"index, follow, max-snippet:-1, max-image-preview:large, max-video-preview:-1\" \/>\n<link rel=\"canonical\" href=\"https:\/\/homolog.hous360.com.br\/frases-de-livro-site\/politica-de-privacidade-e-cookies\/\" \/>\n<meta property=\"og:locale\" content=\"pt_BR\" \/>\n<meta property=\"og:type\" content=\"article\" \/>\n<meta property=\"og:title\" content=\"Pol\u00edtica de Privacidade e Cookies - Frases de Livro\" \/>\n<meta property=\"og:description\" content=\"A garantia da confidencialidade dos dados pessoais dos usu\u00e1rios do nosso site \u00e9 muito importante para o Frases. Por isso, todas as informa\u00e7\u00f5es pessoais relativas a usu\u00e1rios ou visitantes do Frases ser\u00e3o tratadas em concord\u00e2ncia com a Lei Geral de Prote\u00e7\u00e3o de Dados Pessoais (&#8220;LGPD&#8221;) e a Lei da Prote\u00e7\u00e3o de Dados Pessoais de 26 [&hellip;]\" \/>\n<meta property=\"og:url\" content=\"https:\/\/homolog.hous360.com.br\/frases-de-livro-site\/politica-de-privacidade-e-cookies\/\" \/>\n<meta property=\"og:site_name\" content=\"Frases de Livro\" \/>\n<meta property=\"article:modified_time\" content=\"2022-11-11T19:05:32+00:00\" \/>\n<meta name=\"twitter:card\" content=\"summary_large_image\" \/>\n<meta name=\"twitter:label1\" content=\"Est. tempo de leitura\" \/>\n\t<meta name=\"twitter:data1\" content=\"4 minutos\" \/>\n<script type=\"application\/ld+json\" class=\"yoast-schema-graph\">{\"@context\":\"https:\/\/schema.org\",\"@graph\":[{\"@type\":\"WebPage\",\"@id\":\"https:\/\/homolog.hous360.com.br\/frases-de-livro-site\/politica-de-privacidade-e-cookies\/\",\"url\":\"https:\/\/homolog.hous360.com.br\/frases-de-livro-site\/politica-de-privacidade-e-cookies\/\",\"name\":\"Pol\u00edtica de Privacidade e Cookies - Frases de Livro\",\"isPartOf\":{\"@id\":\"https:\/\/homolog.hous360.com.br\/frases-de-livro-site\/#website\"},\"datePublished\":\"2022-09-30T00:31:10+00:00\",\"dateModified\":\"2022-11-11T19:05:32+00:00\",\"breadcrumb\":{\"@id\":\"https:\/\/homolog.hous360.com.br\/frases-de-livro-site\/politica-de-privacidade-e-cookies\/#breadcrumb\"},\"inLanguage\":\"pt-BR\",\"potentialAction\":[{\"@type\":\"ReadAction\",\"target\":[\"https:\/\/homolog.hous360.com.br\/frases-de-livro-site\/politica-de-privacidade-e-cookies\/\"]}]},{\"@type\":\"BreadcrumbList\",\"@id\":\"https:\/\/homolog.hous360.com.br\/frases-de-livro-site\/politica-de-privacidade-e-cookies\/#breadcrumb\",\"itemListElement\":[{\"@type\":\"ListItem\",\"position\":1,\"name\":\"In\u00edcio\",\"item\":\"https:\/\/homolog.hous360.com.br\/frases-de-livro-site\/\"},{\"@type\":\"ListItem\",\"position\":2,\"name\":\"Pol\u00edtica de Privacidade e Cookies\"}]},{\"@type\":\"WebSite\",\"@id\":\"https:\/\/homolog.hous360.com.br\/frases-de-livro-site\/#website\",\"url\":\"https:\/\/homolog.hous360.com.br\/frases-de-livro-site\/\",\"name\":\"Frases de Livro\",\"description\":\"S\u00f3 mais um site WordPress\",\"publisher\":{\"@id\":\"https:\/\/homolog.hous360.com.br\/frases-de-livro-site\/#organization\"},\"potentialAction\":[{\"@type\":\"SearchAction\",\"target\":{\"@type\":\"EntryPoint\",\"urlTemplate\":\"https:\/\/homolog.hous360.com.br\/frases-de-livro-site\/?s={search_term_string}\"},\"query-input\":\"required name=search_term_string\"}],\"inLanguage\":\"pt-BR\"},{\"@type\":\"Organization\",\"@id\":\"https:\/\/homolog.hous360.com.br\/frases-de-livro-site\/#organization\",\"name\":\"Frases de Livro\",\"url\":\"https:\/\/homolog.hous360.com.br\/frases-de-livro-site\/\",\"sameAs\":[],\"logo\":{\"@type\":\"ImageObject\",\"inLanguage\":\"pt-BR\",\"@id\":\"https:\/\/homolog.hous360.com.br\/frases-de-livro-site\/#\/schema\/logo\/image\/\",\"url\":\"https:\/\/homolog.hous360.com.br\/frases-de-livro-site\/wp-content\/uploads\/2022\/10\/logo.png\",\"contentUrl\":\"https:\/\/homolog.hous360.com.br\/frases-de-livro-site\/wp-content\/uploads\/2022\/10\/logo.png\",\"width\":516,\"height\":375,\"caption\":\"Frases de Livro\"},\"image\":{\"@id\":\"https:\/\/homolog.hous360.com.br\/frases-de-livro-site\/#\/schema\/logo\/image\/\"}}]}<\/script>\n<!-- \/ Yoast SEO plugin. -->","yoast_head_json":{"title":"Pol\u00edtica de Privacidade e Cookies - Frases de Livro","robots":{"index":"index","follow":"follow","max-snippet":"max-snippet:-1","max-image-preview":"max-image-preview:large","max-video-preview":"max-video-preview:-1"},"canonical":"https:\/\/homolog.hous360.com.br\/frases-de-livro-site\/politica-de-privacidade-e-cookies\/","og_locale":"pt_BR","og_type":"article","og_title":"Pol\u00edtica de Privacidade e Cookies - Frases de Livro","og_description":"A garantia da confidencialidade dos dados pessoais dos usu\u00e1rios do nosso site \u00e9 muito importante para o Frases. Por isso, todas as informa\u00e7\u00f5es pessoais relativas a usu\u00e1rios ou visitantes do Frases ser\u00e3o tratadas em concord\u00e2ncia com a Lei Geral de Prote\u00e7\u00e3o de Dados Pessoais (&#8220;LGPD&#8221;) e a Lei da Prote\u00e7\u00e3o de Dados Pessoais de 26 [&hellip;]","og_url":"https:\/\/homolog.hous360.com.br\/frases-de-livro-site\/politica-de-privacidade-e-cookies\/","og_site_name":"Frases de Livro","article_modified_time":"2022-11-11T19:05:32+00:00","twitter_card":"summary_large_image","twitter_misc":{"Est. tempo de leitura":"4 minutos"},"schema":{"@context":"https:\/\/schema.org","@graph":[{"@type":"WebPage","@id":"https:\/\/homolog.hous360.com.br\/frases-de-livro-site\/politica-de-privacidade-e-cookies\/","url":"https:\/\/homolog.hous360.com.br\/frases-de-livro-site\/politica-de-privacidade-e-cookies\/","name":"Pol\u00edtica de Privacidade e Cookies - Frases de Livro","isPartOf":{"@id":"https:\/\/homolog.hous360.com.br\/frases-de-livro-site\/#website"},"datePublished":"2022-09-30T00:31:10+00:00","dateModified":"2022-11-11T19:05:32+00:00","breadcrumb":{"@id":"https:\/\/homolog.hous360.com.br\/frases-de-livro-site\/politica-de-privacidade-e-cookies\/#breadcrumb"},"inLanguage":"pt-BR","potentialAction":[{"@type":"ReadAction","target":["https:\/\/homolog.hous360.com.br\/frases-de-livro-site\/politica-de-privacidade-e-cookies\/"]}]},{"@type":"BreadcrumbList","@id":"https:\/\/homolog.hous360.com.br\/frases-de-livro-site\/politica-de-privacidade-e-cookies\/#breadcrumb","itemListElement":[{"@type":"ListItem","position":1,"name":"In\u00edcio","item":"https:\/\/homolog.hous360.com.br\/frases-de-livro-site\/"},{"@type":"ListItem","position":2,"name":"Pol\u00edtica de Privacidade e Cookies"}]},{"@type":"WebSite","@id":"https:\/\/homolog.hous360.com.br\/frases-de-livro-site\/#website","url":"https:\/\/homolog.hous360.com.br\/frases-de-livro-site\/","name":"Frases de Livro","description":"S\u00f3 mais um site WordPress","publisher":{"@id":"https:\/\/homolog.hous360.com.br\/frases-de-livro-site\/#organization"},"potentialAction":[{"@type":"SearchAction","target":{"@type":"EntryPoint","urlTemplate":"https:\/\/homolog.hous360.com.br\/frases-de-livro-site\/?s={search_term_string}"},"query-input":"required name=search_term_string"}],"inLanguage":"pt-BR"},{"@type":"Organization","@id":"https:\/\/homolog.hous360.com.br\/frases-de-livro-site\/#organization","name":"Frases de Livro","url":"https:\/\/homolog.hous360.com.br\/frases-de-livro-site\/","sameAs":[],"logo":{"@type":"ImageObject","inLanguage":"pt-BR","@id":"https:\/\/homolog.hous360.com.br\/frases-de-livro-site\/#\/schema\/logo\/image\/","url":"https:\/\/homolog.hous360.com.br\/frases-de-livro-site\/wp-content\/uploads\/2022\/10\/logo.png","contentUrl":"https:\/\/homolog.hous360.com.br\/frases-de-livro-site\/wp-content\/uploads\/2022\/10\/logo.png","width":516,"height":375,"caption":"Frases de Livro"},"image":{"@id":"https:\/\/homolog.hous360.com.br\/frases-de-livro-site\/#\/schema\/logo\/image\/"}}]}},"_links":{"self":[{"href":"https:\/\/homolog.hous360.com.br\/frases-de-livro-site\/wp-json\/wp\/v2\/pages\/3"}],"collection":[{"href":"https:\/\/homolog.hous360.com.br\/frases-de-livro-site\/wp-json\/wp\/v2\/pages"}],"about":[{"href":"https:\/\/homolog.hous360.com.br\/frases-de-livro-site\/wp-json\/wp\/v2\/types\/page"}],"author":[{"embeddable":true,"href":"https:\/\/homolog.hous360.com.br\/frases-de-livro-site\/wp-json\/wp\/v2\/users\/1"}],"replies":[{"embeddable":true,"href":"https:\/\/homolog.hous360.com.br\/frases-de-livro-site\/wp-json\/wp\/v2\/comments?post=3"}],"version-history":[{"count":5,"href":"https:\/\/homolog.hous360.com.br\/frases-de-livro-site\/wp-json\/wp\/v2\/pages\/3\/revisions"}],"predecessor-version":[{"id":2376,"href":"https:\/\/homolog.hous360.com.br\/frases-de-livro-site\/wp-json\/wp\/v2\/pages\/3\/revisions\/2376"}],"wp:attachment":[{"href":"https:\/\/homolog.hous360.com.br\/frases-de-livro-site\/wp-json\/wp\/v2\/media?parent=3"}],"curies":[{"name":"wp","href":"https:\/\/api.w.org\/{rel}","templated":true}]}}