{"id":23,"date":"2022-10-03T15:10:32","date_gmt":"2022-10-03T18:10:32","guid":{"rendered":"https:\/\/homolog.hous360.com.br\/frases-de-livro-site\/?page_id=23"},"modified":"2022-11-14T13:57:51","modified_gmt":"2022-11-14T16:57:51","slug":"quem-somos","status":"publish","type":"page","link":"https:\/\/homolog.hous360.com.br\/frases-de-livro-site\/quem-somos\/","title":{"rendered":"Quem Somos"},"content":{"rendered":"<p>Ol\u00e1, seja bem-vindo ao Frases de Livro, sabemos como \u00e9 dif\u00edcil traduzir em palavras o que sentimos e pensamos e o quanto \u00e9 maravilhoso ler alguma frase que expresse exatamente o que a gente gostaria. Por isso, somos frase\u00f3latras assumidos, e nosso prop\u00f3sito \u00e9 trazer literatura para o seu dia-a-dia para te ajudar a expressar pensamentos e sentimentos por meio de palavras emprestadas de autores publicados.<\/p>\n<p>No Frases, voc\u00ea encontra pequenos trechos de livros criteriosamente selecionados diretamente da fonte: livros publicados. Portanto, com atribui\u00e7\u00e3o de autoria 99,9% garantida. Isso mesmo, para n\u00f3s, autoria \u00e9 coisa s\u00e9ria! Por isso, informamos obra e p\u00e1gina de onde achamos a frase, ent\u00e3o, quando um autor aparecer assinando uma frase em nosso site, pode confiar que foi ele mesmo quem escreveu e sair fraseando por a\u00ed.<\/p>\n<p>Amamos literatura e a sele\u00e7\u00e3o plural que fazemos passa pelos mais variados g\u00eaneros liter\u00e1rios, por diversos autores e por muitos, muitos temas diferentes. Isso tudo para que voc\u00ea possa revisitar os cl\u00e1ssicos, conhecer novos autores, diferentes estilos, experimentar outros g\u00eaneros, encontrar o que procura, ser surpreendido, se inspirar e se expressar por meio da palavra escrita.<\/p>\n<p>No Frases de Livro \u00e9 f\u00e1cil ler, curtir e compartilhar suas frases preferidas. Todos s\u00e3o muito bem-vindos a navegar em nosso site, consumir o nosso conte\u00fado, curtir o que achar mais legal e compartilhar o que considerar interessante. S\u00f3 para incluir coment\u00e1rios, voc\u00ea vai precisar primeiro se cadastrar no Frases. \u00c9 muito bom ter voc\u00ea por aqui curtindo o nosso fraseado. Esperamos que continue com a gente.<\/p>\n<p><strong>Publicidade, financiamento e independ\u00eancia do nosso projeto editorial<\/strong><\/p>\n<p>Para que possamos produzir conte\u00fado de alta qualidade, sem custos para voc\u00ea, o projeto do nosso site \u00e9 financiado pela venda de espa\u00e7o para publicidade online. No entanto, o conte\u00fado publicit\u00e1rio est\u00e1 sempre separado do conte\u00fado editorial do Frases e devidamente identificado para que nossos usu\u00e1rios saibam exatamente o que est\u00e3o consumindo.<\/p>\n<p>Outra forma de custear nosso projeto editorial, \u00e9 por meio de links de afiliados de marketplaces, editoras e livrarias para a venda de livros. Se voc\u00ea compra por um destes links do Frases, n\u00f3s ganhamos um pequeno percentual, o que nos ajuda a manter o site. Fazemos quest\u00e3o de deixar claro para nossos parceiros comerciais que a decis\u00e3o sobre o conte\u00fado editorial do site \u00e9 de inteira responsabilidade da equipe do Frases de Livro.<\/p>\n<p>Temos total independ\u00eancia editorial para fazer a sele\u00e7\u00e3o do conte\u00fado que apresentamos para nossos usu\u00e1rios, independentemente de qualquer rela\u00e7\u00e3o comercial, priorizando sempre crit\u00e9rios de qualidade das publica\u00e7\u00f5es.<\/p>\n<p><strong>Para autores e editoras<\/strong><\/p>\n<p>Voc\u00eas, autores e editores, tarimbados, novatos ou independentes, sejam muito bem-vindos! Ser\u00e1 um prazer t\u00ea-los em nosso ecossistema! Nosso site nasceu para ser uma vitrine de trechos de seus trabalhos publicados f\u00edsica ou digitalmente. Por aqui, voc\u00eas podem estar com o p\u00fablico apaixonado por literatura, que gosta de se sentir inspirado ou que precisa de uma ajudinha e algumas palavras emprestadas para se expressar.<\/p>\n<p>Para tanto, basta mandar seu material para an\u00e1lise no e-mail editorial@frasesdelivro.com.br. S\u00f3 para deixar claro, toda sugest\u00e3o de conte\u00fado \u00e9 muito bem-vinda, ficaremos muito felizes de analisar e responder a todos os pedidos de exposi\u00e7\u00e3o, mas, para garantir a consist\u00eancia de nosso projeto, a responsabilidade sobre a sele\u00e7\u00e3o do que ser\u00e1 apresentado em nosso site \u00e9 de nossa equipe editorial.<\/p>\n<p><strong>Confidencialidade e privacidade<\/strong><\/p>\n<p>A privacidade dos nossos usu\u00e1rios \u00e9 um assunto muito s\u00e9rio para o Frases. Agimos com total transpar\u00eancia e temos o compromisso de n\u00e3o compartilhar jamais com terceiros qualquer informa\u00e7\u00e3o sobre os usu\u00e1rios, que por ventura seja coletada em nosso site, incluindo o endere\u00e7o de e-mail. Para outras informa\u00e7\u00f5es, acesse a p\u00e1gina com a nossa Pol\u00edtica de Privacidade.<\/p>\n<p><strong>Aviso de complementaridade<\/strong><\/p>\n<p>As informa\u00e7\u00f5es publicadas neste site s\u00e3o apenas para fins informativos n\u00e3o devem ser consideradas completas e\/ou atualizadas e n\u00e3o substituem a opini\u00e3o e orienta\u00e7\u00e3o de profissionais especializados e qualificados em suas respectivas \u00e1reas de atua\u00e7\u00e3o e s\u00e3o apenas complementares a estas.<\/p>\n","protected":false},"excerpt":{"rendered":"<p>Ol\u00e1, seja bem-vindo ao Frases de Livro, sabemos como \u00e9 dif\u00edcil traduzir em palavras o que sentimos e pensamos e o quanto \u00e9 maravilhoso ler alguma frase que expresse exatamente o que a gente gostaria. Por isso, somos frase\u00f3latras assumidos, e nosso prop\u00f3sito \u00e9 trazer literatura para o seu dia-a-dia para te ajudar a expressar [&hellip;]<\/p>\n","protected":false},"author":1,"featured_media":0,"parent":0,"menu_order":0,"comment_status":"closed","ping_status":"closed","template":"","meta":{"footnotes":""},"yoast_head":"<!-- This site is optimized with the Yoast SEO plugin v19.8 - https:\/\/yoast.com\/wordpress\/plugins\/seo\/ -->\n<title>Quem Somos - Frases de Livro<\/title>\n<meta name=\"robots\" content=\"index, follow, max-snippet:-1, max-image-preview:large, max-video-preview:-1\" \/>\n<link rel=\"canonical\" href=\"https:\/\/homolog.hous360.com.br\/frases-de-livro-site\/quem-somos\/\" \/>\n<meta property=\"og:locale\" content=\"pt_BR\" \/>\n<meta property=\"og:type\" content=\"article\" \/>\n<meta property=\"og:title\" content=\"Quem Somos - Frases de Livro\" \/>\n<meta property=\"og:description\" content=\"Ol\u00e1, seja bem-vindo ao Frases de Livro, sabemos como \u00e9 dif\u00edcil traduzir em palavras o que sentimos e pensamos e o quanto \u00e9 maravilhoso ler alguma frase que expresse exatamente o que a gente gostaria. Por isso, somos frase\u00f3latras assumidos, e nosso prop\u00f3sito \u00e9 trazer literatura para o seu dia-a-dia para te ajudar a expressar [&hellip;]\" \/>\n<meta property=\"og:url\" content=\"https:\/\/homolog.hous360.com.br\/frases-de-livro-site\/quem-somos\/\" \/>\n<meta property=\"og:site_name\" content=\"Frases de Livro\" \/>\n<meta property=\"article:modified_time\" content=\"2022-11-14T16:57:51+00:00\" \/>\n<meta name=\"twitter:card\" content=\"summary_large_image\" \/>\n<meta name=\"twitter:label1\" content=\"Est. tempo de leitura\" \/>\n\t<meta name=\"twitter:data1\" content=\"4 minutos\" \/>\n<script type=\"application\/ld+json\" class=\"yoast-schema-graph\">{\"@context\":\"https:\/\/schema.org\",\"@graph\":[{\"@type\":\"WebPage\",\"@id\":\"https:\/\/homolog.hous360.com.br\/frases-de-livro-site\/quem-somos\/\",\"url\":\"https:\/\/homolog.hous360.com.br\/frases-de-livro-site\/quem-somos\/\",\"name\":\"Quem Somos - Frases de Livro\",\"isPartOf\":{\"@id\":\"https:\/\/homolog.hous360.com.br\/frases-de-livro-site\/#website\"},\"datePublished\":\"2022-10-03T18:10:32+00:00\",\"dateModified\":\"2022-11-14T16:57:51+00:00\",\"breadcrumb\":{\"@id\":\"https:\/\/homolog.hous360.com.br\/frases-de-livro-site\/quem-somos\/#breadcrumb\"},\"inLanguage\":\"pt-BR\",\"potentialAction\":[{\"@type\":\"ReadAction\",\"target\":[\"https:\/\/homolog.hous360.com.br\/frases-de-livro-site\/quem-somos\/\"]}]},{\"@type\":\"BreadcrumbList\",\"@id\":\"https:\/\/homolog.hous360.com.br\/frases-de-livro-site\/quem-somos\/#breadcrumb\",\"itemListElement\":[{\"@type\":\"ListItem\",\"position\":1,\"name\":\"In\u00edcio\",\"item\":\"https:\/\/homolog.hous360.com.br\/frases-de-livro-site\/\"},{\"@type\":\"ListItem\",\"position\":2,\"name\":\"Quem Somos\"}]},{\"@type\":\"WebSite\",\"@id\":\"https:\/\/homolog.hous360.com.br\/frases-de-livro-site\/#website\",\"url\":\"https:\/\/homolog.hous360.com.br\/frases-de-livro-site\/\",\"name\":\"Frases de Livro\",\"description\":\"S\u00f3 mais um site WordPress\",\"publisher\":{\"@id\":\"https:\/\/homolog.hous360.com.br\/frases-de-livro-site\/#organization\"},\"potentialAction\":[{\"@type\":\"SearchAction\",\"target\":{\"@type\":\"EntryPoint\",\"urlTemplate\":\"https:\/\/homolog.hous360.com.br\/frases-de-livro-site\/?s={search_term_string}\"},\"query-input\":\"required name=search_term_string\"}],\"inLanguage\":\"pt-BR\"},{\"@type\":\"Organization\",\"@id\":\"https:\/\/homolog.hous360.com.br\/frases-de-livro-site\/#organization\",\"name\":\"Frases de Livro\",\"url\":\"https:\/\/homolog.hous360.com.br\/frases-de-livro-site\/\",\"sameAs\":[],\"logo\":{\"@type\":\"ImageObject\",\"inLanguage\":\"pt-BR\",\"@id\":\"https:\/\/homolog.hous360.com.br\/frases-de-livro-site\/#\/schema\/logo\/image\/\",\"url\":\"https:\/\/homolog.hous360.com.br\/frases-de-livro-site\/wp-content\/uploads\/2022\/10\/logo.png\",\"contentUrl\":\"https:\/\/homolog.hous360.com.br\/frases-de-livro-site\/wp-content\/uploads\/2022\/10\/logo.png\",\"width\":516,\"height\":375,\"caption\":\"Frases de Livro\"},\"image\":{\"@id\":\"https:\/\/homolog.hous360.com.br\/frases-de-livro-site\/#\/schema\/logo\/image\/\"}}]}<\/script>\n<!-- \/ Yoast SEO plugin. -->","yoast_head_json":{"title":"Quem Somos - Frases de Livro","robots":{"index":"index","follow":"follow","max-snippet":"max-snippet:-1","max-image-preview":"max-image-preview:large","max-video-preview":"max-video-preview:-1"},"canonical":"https:\/\/homolog.hous360.com.br\/frases-de-livro-site\/quem-somos\/","og_locale":"pt_BR","og_type":"article","og_title":"Quem Somos - Frases de Livro","og_description":"Ol\u00e1, seja bem-vindo ao Frases de Livro, sabemos como \u00e9 dif\u00edcil traduzir em palavras o que sentimos e pensamos e o quanto \u00e9 maravilhoso ler alguma frase que expresse exatamente o que a gente gostaria. Por isso, somos frase\u00f3latras assumidos, e nosso prop\u00f3sito \u00e9 trazer literatura para o seu dia-a-dia para te ajudar a expressar [&hellip;]","og_url":"https:\/\/homolog.hous360.com.br\/frases-de-livro-site\/quem-somos\/","og_site_name":"Frases de Livro","article_modified_time":"2022-11-14T16:57:51+00:00","twitter_card":"summary_large_image","twitter_misc":{"Est. tempo de leitura":"4 minutos"},"schema":{"@context":"https:\/\/schema.org","@graph":[{"@type":"WebPage","@id":"https:\/\/homolog.hous360.com.br\/frases-de-livro-site\/quem-somos\/","url":"https:\/\/homolog.hous360.com.br\/frases-de-livro-site\/quem-somos\/","name":"Quem Somos - Frases de Livro","isPartOf":{"@id":"https:\/\/homolog.hous360.com.br\/frases-de-livro-site\/#website"},"datePublished":"2022-10-03T18:10:32+00:00","dateModified":"2022-11-14T16:57:51+00:00","breadcrumb":{"@id":"https:\/\/homolog.hous360.com.br\/frases-de-livro-site\/quem-somos\/#breadcrumb"},"inLanguage":"pt-BR","potentialAction":[{"@type":"ReadAction","target":["https:\/\/homolog.hous360.com.br\/frases-de-livro-site\/quem-somos\/"]}]},{"@type":"BreadcrumbList","@id":"https:\/\/homolog.hous360.com.br\/frases-de-livro-site\/quem-somos\/#breadcrumb","itemListElement":[{"@type":"ListItem","position":1,"name":"In\u00edcio","item":"https:\/\/homolog.hous360.com.br\/frases-de-livro-site\/"},{"@type":"ListItem","position":2,"name":"Quem Somos"}]},{"@type":"WebSite","@id":"https:\/\/homolog.hous360.com.br\/frases-de-livro-site\/#website","url":"https:\/\/homolog.hous360.com.br\/frases-de-livro-site\/","name":"Frases de Livro","description":"S\u00f3 mais um site WordPress","publisher":{"@id":"https:\/\/homolog.hous360.com.br\/frases-de-livro-site\/#organization"},"potentialAction":[{"@type":"SearchAction","target":{"@type":"EntryPoint","urlTemplate":"https:\/\/homolog.hous360.com.br\/frases-de-livro-site\/?s={search_term_string}"},"query-input":"required name=search_term_string"}],"inLanguage":"pt-BR"},{"@type":"Organization","@id":"https:\/\/homolog.hous360.com.br\/frases-de-livro-site\/#organization","name":"Frases de Livro","url":"https:\/\/homolog.hous360.com.br\/frases-de-livro-site\/","sameAs":[],"logo":{"@type":"ImageObject","inLanguage":"pt-BR","@id":"https:\/\/homolog.hous360.com.br\/frases-de-livro-site\/#\/schema\/logo\/image\/","url":"https:\/\/homolog.hous360.com.br\/frases-de-livro-site\/wp-content\/uploads\/2022\/10\/logo.png","contentUrl":"https:\/\/homolog.hous360.com.br\/frases-de-livro-site\/wp-content\/uploads\/2022\/10\/logo.png","width":516,"height":375,"caption":"Frases de Livro"},"image":{"@id":"https:\/\/homolog.hous360.com.br\/frases-de-livro-site\/#\/schema\/logo\/image\/"}}]}},"_links":{"self":[{"href":"https:\/\/homolog.hous360.com.br\/frases-de-livro-site\/wp-json\/wp\/v2\/pages\/23"}],"collection":[{"href":"https:\/\/homolog.hous360.com.br\/frases-de-livro-site\/wp-json\/wp\/v2\/pages"}],"about":[{"href":"https:\/\/homolog.hous360.com.br\/frases-de-livro-site\/wp-json\/wp\/v2\/types\/page"}],"author":[{"embeddable":true,"href":"https:\/\/homolog.hous360.com.br\/frases-de-livro-site\/wp-json\/wp\/v2\/users\/1"}],"replies":[{"embeddable":true,"href":"https:\/\/homolog.hous360.com.br\/frases-de-livro-site\/wp-json\/wp\/v2\/comments?post=23"}],"version-history":[{"count":3,"href":"https:\/\/homolog.hous360.com.br\/frases-de-livro-site\/wp-json\/wp\/v2\/pages\/23\/revisions"}],"predecessor-version":[{"id":2617,"href":"https:\/\/homolog.hous360.com.br\/frases-de-livro-site\/wp-json\/wp\/v2\/pages\/23\/revisions\/2617"}],"wp:attachment":[{"href":"https:\/\/homolog.hous360.com.br\/frases-de-livro-site\/wp-json\/wp\/v2\/media?parent=23"}],"curies":[{"name":"wp","href":"https:\/\/api.w.org\/{rel}","templated":true}]}}